{"id":5,"date":"2017-05-05T10:30:29","date_gmt":"2017-05-05T07:30:29","guid":{"rendered":"http:\/\/eelsoojendid.eu\/2\/?page_id=5"},"modified":"2025-09-25T20:19:40","modified_gmt":"2025-09-25T17:19:40","slug":"teenused","status":"publish","type":"page","link":"https:\/\/eelsoojendid.eu\/2\/teenused\/","title":{"rendered":"Teenused"},"content":{"rendered":"<p><strong>PAKUTAVAD TEENUSED:<\/strong><\/p>\n<ul>\n<li><strong>V\u00e4ljas\u00f5iduteenus!<\/strong><\/li>\n<li><strong>Eel- ja lisasoojendite juhtmoodulite remont (Webasto, Ebersp\u00e4cher)!<\/strong><\/li>\n<li><strong>Autokliimaseadmete diagnostika, remont, hooldus ja t\u00e4itmine.<\/strong><\/li>\n<li><strong>S\u00f5idu- ja veoautode ning busside eelsoojendite m\u00fc\u00fck, hooldus, paigaldus, remont, diagnostika ja diagnostikaseadmete m\u00fc\u00fck.<\/strong><\/li>\n<li>S\u00f5idu- ja veoautode, v\u00e4ikelaevade, mootorrataste, spetsiaalmasinate (teerullid, greiderid, kraanad, kaevemasinad jne) ja busside elektrit\u00f6\u00f6d.<\/li>\n<li>S\u00f5iduautode diagnostika ja diagnostikaseadmete m\u00fc\u00fck.<\/li>\n<li>Autostereode, alarmide (s\u00f5iduautod, veoautod, mootorrattad, v\u00e4ikelaevad jne), helitehnika, kesklukkude, immobilaiserite, lisatulede m\u00fc\u00fck ja paigaldus.<\/li>\n<li>S\u00f5iduautode hooldus ja remont.<\/li>\n<li>Autogaasiseadmete m\u00fc\u00fck, hooldus, paigaldus, remont ja diagnostika.<\/li>\n<\/ul>\n<p><strong>AUTOELEKTRIT\u00d6\u00d6DE JA TEENUSTE HINNAKIRI<\/strong><\/p>\n<table style=\"height: 266px;\" width=\"740\">\n<tbody>\n<tr>\n<td width=\"444\">V\u00e4ljas\u00f5iduteenus<\/td>\n<td width=\"217\">25.00\u00a0\u20ac v\u00e4ljakutse +\u00a00.65 \u20ac\/km<\/td>\n<\/tr>\n<tr>\n<td width=\"444\">S\u00f5iduautode remondi- ja hooldust\u00f6\u00f6d<\/td>\n<td width=\"217\">45.00 \u20ac\/ tund<\/td>\n<\/tr>\n<tr>\n<td width=\"444\">S\u00f5iduautode ja mootorrataste elektrit\u00f6\u00f6d<\/td>\n<td width=\"217\">45.00 \u20ac\/ tund<\/td>\n<\/tr>\n<tr>\n<td width=\"444\">Veoautode, spetsiaalmasinate, v\u00e4ikelaevade, busside elektrit\u00f6\u00f6d<\/td>\n<td width=\"217\">65.00 \u20ac\/ tund<\/td>\n<\/tr>\n<tr>\n<td width=\"444\">S\u00f5iduautode diagnostika (kui meie teostame remondi, siis 0 \u20ac)<\/td>\n<td width=\"217\">36.00 \u20ac<\/td>\n<\/tr>\n<tr>\n<td width=\"444\">Teenustasu hind kliendi juuresolekul (ei kehti v\u00e4ljas\u00f5iduteenusele)<\/td>\n<td width=\"217\">130.00 \u20ac\/ tund<\/td>\n<\/tr>\n<\/tbody>\n<\/table>\n<p><span style=\"line-height: 1.5;\">NB! Hinnad sisaldavad 24% k\u00e4ibemaksu. Hinnad kehtivad ainult teenustele ja ei sisalda varuosade ega abimaterjalide hinda. Alarmide, kesklukkude, immobilaiserite paigalduse hind kokkuleppel.<\/span><\/p>\n","protected":false},"excerpt":{"rendered":"<p>PAKUTAVAD TEENUSED: V\u00e4ljas\u00f5iduteenus! Eel- ja lisasoojendite juhtmoodulite remont (Webasto, Ebersp\u00e4cher)! Autokliimaseadmete diagnostika, remont, hooldus ja t\u00e4itmine. S\u00f5idu- ja veoautode ning busside eelsoojendite m\u00fc\u00fck, hooldus, paigaldus, remont, diagnostika ja diagnostikaseadmete m\u00fc\u00fck. S\u00f5idu- ja veoautode, v\u00e4ikelaevade, mootorrataste, spetsiaalmasinate (teerullid, greiderid, kraanad, kaevemasinad <a href=\"https:\/\/eelsoojendid.eu\/2\/teenused\/\" class=\"read-more\">Read More<\/a><\/p>\n","protected":false},"author":1,"featured_media":0,"parent":0,"menu_order":0,"comment_status":"closed","ping_status":"closed","template":"","meta":{"footnotes":""},"class_list":["post-5","page","type-page","status-publish","hentry"],"_links":{"self":[{"href":"https:\/\/eelsoojendid.eu\/2\/wp-json\/wp\/v2\/pages\/5","targetHints":{"allow":["GET"]}}],"collection":[{"href":"https:\/\/eelsoojendid.eu\/2\/wp-json\/wp\/v2\/pages"}],"about":[{"href":"https:\/\/eelsoojendid.eu\/2\/wp-json\/wp\/v2\/types\/page"}],"author":[{"embeddable":true,"href":"https:\/\/eelsoojendid.eu\/2\/wp-json\/wp\/v2\/users\/1"}],"replies":[{"embeddable":true,"href":"https:\/\/eelsoojendid.eu\/2\/wp-json\/wp\/v2\/comments?post=5"}],"version-history":[{"count":12,"href":"https:\/\/eelsoojendid.eu\/2\/wp-json\/wp\/v2\/pages\/5\/revisions"}],"predecessor-version":[{"id":2741,"href":"https:\/\/eelsoojendid.eu\/2\/wp-json\/wp\/v2\/pages\/5\/revisions\/2741"}],"wp:attachment":[{"href":"https:\/\/eelsoojendid.eu\/2\/wp-json\/wp\/v2\/media?parent=5"}],"curies":[{"name":"wp","href":"https:\/\/api.w.org\/{rel}","templated":true}]}}